{"id":1066,"date":"2022-02-01T13:35:31","date_gmt":"2022-02-01T13:35:31","guid":{"rendered":"http:\/\/thedre.imag.fr\/?page_id=1066"},"modified":"2022-06-16T07:46:52","modified_gmt":"2022-06-16T07:46:52","slug":"rjceiah-2022","status":"publish","type":"page","link":"https:\/\/thedre.imag.fr\/?page_id=1066","title":{"rendered":"RJCEIAH 2022 Lille"},"content":{"rendered":"\n<h3 class=\"wp-block-heading\"><strong>Cadre th\u00e9orique, \u00e9tat de l\u2019art pour les EIAH ?  <\/strong><\/h3>\n\n\n\n<p><a href=\"http:\/\/thedre.imag.fr\/wp-content\/uploads\/2022\/06\/EA_CT_Methode_mandran_al_2022_V2.pdf\">Propositions suite \u00e0 l&#8217;atelier <\/a><br><\/p>\n\n\n\n<p><a href=\"http:\/\/thedre.imag.fr\/wp-content\/uploads\/2022\/06\/atelier_RJCEAIH_organisation.pdf\">Organisation de l&#8217;atelier<\/a><br><\/p>\n\n\n\n<ul class=\"wp-block-list\"><li>Nour El Mawas, Maitre de conf\u00e9rence , Laboratoire CIREL Equipe TRIGONE , Universit\u00e9 de Lille, <a href=\"mailto:nour.el-mawas@univ-lille.fr\">nour.el-mawas@univ-lille.fr<\/a><\/li><li>Nadine Mandran, Ing\u00e9nieur de recherche, Laboratoire LIG, Universit\u00e9 Grenoble Alpes. <a href=\"mailto:nadine.mandran@univ-grenoble-alpes.fr\">nadine.mandran@univ-grenoble-alpes.fr<\/a><\/li><li>Mariem Jaouady, doctorante, TECFA , Gen\u00e8ve <a href=\"mailto:Mariem.Jaouadi@unige.ch\">Mariem.Jaouadi@unige.ch<\/a><\/li><\/ul>\n\n\n\n<p>Les notions de cadres th\u00e9oriques, d\u2019\u00e9tat de l\u2019art&nbsp; scientifique, de positionnement,\nde travaux connexes, de mod\u00e8les d\u2019analyses sont des outils pour construire\nd\u2019une part une probl\u00e9matique et identifier des manques auxquels la recherche\npeut apporter des contributions. Ces diff\u00e9rentes dimensions sont importantes\ndans toutes disciplines. Cependant dans le cadre d\u2019un travail au c\u0153ur de\nplusieurs disciplines, le sens et la finalit\u00e9 de\nces concepts ne sont pas toujours partag\u00e9s.&nbsp;\nCette m\u00e9connaissance entraine parfois des difficult\u00e9s pour co-\u00e9laborer\ndes projets de recherche. De plus, la confusion entre ces termes met parfois en\ndifficult\u00e9 les doctorant.e.s. <\/p>\n\n\n\n<p>L\u2019objectif de l\u2019atelier est d\u2019\u00e9changer autour de ces concepts selon les disciplines pr\u00e9sentes dans les EIAH,&nbsp; de mieux se comprendre sur ces concepts, d\u2019\u00e9changer sur les m\u00e9thodes de mobilisation de la litt\u00e9rature et de construction de l&#8217;\u00e9tat de l&#8217;art.<\/p>\n\n\n\n<p>Des activit\u00e9s seront organis\u00e9es pour que les doctorant.e.s et les chercheurs seniors confrontent leurs points de vue et leurs m\u00e9thodes.<\/p>\n\n\n\n<p>Les chercheur.e.s sollicit\u00e9s sont : Emmanuel Beffara, Ma\u00eetre de conf\u00e9rence, LIG, Universit\u00e9&nbsp; de Grenoble Alpes, <a href=\"http:\/\/tecfa.unige.ch\/perso\/bonnat\/\">Catherine Bonnat<\/a>, Ma\u00eetresse assistante, TECFA, Universit\u00e9 de Gen\u00e8ve,<a href=\"https:\/\/perso.liris.cnrs.fr\/nathalie.guin\/\"> Nathalie Guin<\/a>, Ma\u00eetre de conf\u00e9rence HDR, LIRIS<a href=\"https:\/\/www.unige.ch\/fapse\/people\/tecfa\/gaelle-molinari\/\">, <\/a><a href=\"https:\/\/lium.univ-lemans.fr\/team\/pierre-laforcade\/\">Pierre Laforcade<\/a>, Ma\u00eetre de conf\u00e9rence, LIUM, le Mans, <a href=\"https:\/\/www.unige.ch\/fapse\/people\/tecfa\/gaelle-molinari\/\">Gaelle Molinari<\/a>, Professeure assistante, TECFA, Universit\u00e9 de Gen\u00e8ve, <a href=\"https:\/\/techne.labo.univ-poitiers.fr\/membres\/laetitia-pierrot\/\">Laetitia Pierrot<\/a>, Ma\u00eetre de conf\u00e9rence, Techne, Universit\u00e9 de Poitiers.  <br><br><\/p>\n\n\n\n<p>Notre intention est de produire sur la base de ces \u00e9changes un document pour d\u00e9crire ces \u00e9l\u00e9ments selon les disciplines afin d\u2018identifier les points de concordances et de divergences. D\u2019autre part nous souhaitons produire un guide \u00e0 l\u2019attention des doctorant.es. pour les accompagner dans la mobilisation de la litt\u00e9rature et dans l\u2019\u00e9criture de la probl\u00e9matique. Cet atelier s\u2019inscrit dans le cadre du groupe de travail de l\u2019ATIEF sur Epist\u00e9mologie et m\u00e9thode de conduite de la recherche<\/p>\n","protected":false},"excerpt":{"rendered":"<p>Cadre th\u00e9orique, \u00e9tat de l\u2019art pour les EIAH ? Propositions suite \u00e0 l&#8217;atelier Organisation de l&#8217;atelier Nour El Mawas, Maitre de conf\u00e9rence , Laboratoire CIREL Equipe TRIGONE , Universit\u00e9 de Lille, nour.el-mawas@univ-lille.fr Nadine Mandran, Ing\u00e9nieur de recherche, Laboratoire LIG, Universit\u00e9 Grenoble Alpes. nadine.mandran@univ-grenoble-alpes.fr Mariem Jaouady, doctorante, TECFA , Gen\u00e8ve Mariem.Jaouadi@unige.ch Les notions de cadres th\u00e9oriques, &hellip; <a href=\"https:\/\/thedre.imag.fr\/?page_id=1066\" class=\"more-link\">Continue reading<span class=\"screen-reader-text\"> &#8220;RJCEIAH 2022 Lille&#8221;<\/span><\/a><\/p>\n","protected":false},"author":1,"featured_media":0,"parent":0,"menu_order":0,"comment_status":"closed","ping_status":"closed","template":"","meta":{"footnotes":""},"class_list":["post-1066","page","type-page","status-publish","hentry"],"_links":{"self":[{"href":"https:\/\/thedre.imag.fr\/index.php?rest_route=\/wp\/v2\/pages\/1066","targetHints":{"allow":["GET"]}}],"collection":[{"href":"https:\/\/thedre.imag.fr\/index.php?rest_route=\/wp\/v2\/pages"}],"about":[{"href":"https:\/\/thedre.imag.fr\/index.php?rest_route=\/wp\/v2\/types\/page"}],"author":[{"embeddable":true,"href":"https:\/\/thedre.imag.fr\/index.php?rest_route=\/wp\/v2\/users\/1"}],"replies":[{"embeddable":true,"href":"https:\/\/thedre.imag.fr\/index.php?rest_route=%2Fwp%2Fv2%2Fcomments&post=1066"}],"version-history":[{"count":16,"href":"https:\/\/thedre.imag.fr\/index.php?rest_route=\/wp\/v2\/pages\/1066\/revisions"}],"predecessor-version":[{"id":1142,"href":"https:\/\/thedre.imag.fr\/index.php?rest_route=\/wp\/v2\/pages\/1066\/revisions\/1142"}],"wp:attachment":[{"href":"https:\/\/thedre.imag.fr\/index.php?rest_route=%2Fwp%2Fv2%2Fmedia&parent=1066"}],"curies":[{"name":"wp","href":"https:\/\/api.w.org\/{rel}","templated":true}]}}