{"id":1144,"date":"2022-06-22T13:14:35","date_gmt":"2022-06-22T13:14:35","guid":{"rendered":"http:\/\/thedre.imag.fr\/?page_id=1144"},"modified":"2022-06-23T15:31:07","modified_gmt":"2022-06-23T15:31:07","slug":"2cr2d-ecole-de-juin-22","status":"publish","type":"page","link":"https:\/\/thedre.imag.fr\/?page_id=1144","title":{"rendered":"2CR2D Ecole de Juin 2022"},"content":{"rendered":"\n<figure class=\"wp-block-image\"><img loading=\"lazy\" decoding=\"async\" width=\"408\" height=\"144\" src=\"http:\/\/thedre.imag.fr\/wp-content\/uploads\/2022\/06\/2CR2D_juin.png\" alt=\"\" class=\"wp-image-1153\" srcset=\"https:\/\/thedre.imag.fr\/wp-content\/uploads\/2022\/06\/2CR2D_juin.png 408w, https:\/\/thedre.imag.fr\/wp-content\/uploads\/2022\/06\/2CR2D_juin-300x106.png 300w\" sizes=\"auto, (max-width: 408px) 85vw, 408px\" \/><\/figure>\n\n\n\n<ul class=\"wp-block-list\"><li><a href=\"http:\/\/thedre.imag.fr\/wp-content\/uploads\/2022\/06\/DOC_quali_quanti_2CR2D_V2.pdf\">Pr\u00e9sentation sur l&#8217;analyse des donn\u00e9es (1 diapo par page )<\/a><\/li><li><a href=\"http:\/\/thedre.imag.fr\/wp-content\/uploads\/2022\/06\/DOC_quali_quanti_2CR2D_V2_impression.pdf\">Pr\u00e9sentation sur l&#8217;analyse des donnes (3 diapos par page) <\/a><\/li><\/ul>\n\n\n\n<ul class=\"wp-block-list\"><li><a href=\"http:\/\/thedre.imag.fr\/wp-content\/uploads\/2019\/07\/Reponse_qualitative_Mariais.pdf\">Fichier de donn\u00e9es pour l&#8217;analyse qualitative <\/a><\/li><li><a href=\"http:\/\/thedre.imag.fr\/wp-content\/uploads\/2020\/03\/notice_analyse_qualitative.docx\">Notice analyse qualitative d&#8217;analyse<\/a><\/li><li><a href=\"http:\/\/thedre.imag.fr\/wp-content\/uploads\/2019\/11\/ECGBL12_Pernin_et_al_definitive_8Jun2012.pdf\">Article sur la base de ces analyses<\/a><\/li><\/ul>\n\n\n\n<ul class=\"wp-block-list\"><li><a href=\"http:\/\/thedre.imag.fr\/wp-content\/uploads\/2022\/06\/donnees_agregees_simplifie\u0301es.xlsx\">Fichier de donn\u00e9es pour l&#8217;analyse quantitative<\/a><\/li><li><a href=\"http:\/\/thedre.imag.fr\/wp-content\/uploads\/2022\/06\/donnees_agregees_simplifie\u0301es_corrige\u0301.xlsx\">Fichier de donn\u00e9es (corrig\u00e9) <\/a><\/li><\/ul>\n\n\n\n<ul class=\"wp-block-list\"><li><a href=\"http:\/\/thedre.imag.fr\/wp-content\/uploads\/2022\/06\/2022_2CR2D_seminaire_me\u0301thode.pdf\">Pr\u00e9sentation la m\u00e9thode de conduite de la recherche (1 diapo par page) <\/a><\/li><li><a href=\"http:\/\/thedre.imag.fr\/wp-content\/uploads\/2022\/06\/2022_2CR2D_seminaire_me\u0301thode_impression.pdf\">Pr\u00e9sentation la m\u00e9thode de conduite de la recherche (3 diapos par page) <\/a><\/li><\/ul>\n","protected":false},"excerpt":{"rendered":"<p>Pr\u00e9sentation sur l&#8217;analyse des donn\u00e9es (1 diapo par page ) Pr\u00e9sentation sur l&#8217;analyse des donnes (3 diapos par page) Fichier de donn\u00e9es pour l&#8217;analyse qualitative Notice analyse qualitative d&#8217;analyse Article sur la base de ces analyses Fichier de donn\u00e9es pour l&#8217;analyse quantitative Fichier de donn\u00e9es (corrig\u00e9) Pr\u00e9sentation la m\u00e9thode de conduite de la recherche (1 &hellip; <a href=\"https:\/\/thedre.imag.fr\/?page_id=1144\" class=\"more-link\">Continue reading<span class=\"screen-reader-text\"> &#8220;2CR2D Ecole de Juin 2022&#8221;<\/span><\/a><\/p>\n","protected":false},"author":1,"featured_media":0,"parent":0,"menu_order":0,"comment_status":"closed","ping_status":"closed","template":"","meta":{"footnotes":""},"class_list":["post-1144","page","type-page","status-publish","hentry"],"_links":{"self":[{"href":"https:\/\/thedre.imag.fr\/index.php?rest_route=\/wp\/v2\/pages\/1144","targetHints":{"allow":["GET"]}}],"collection":[{"href":"https:\/\/thedre.imag.fr\/index.php?rest_route=\/wp\/v2\/pages"}],"about":[{"href":"https:\/\/thedre.imag.fr\/index.php?rest_route=\/wp\/v2\/types\/page"}],"author":[{"embeddable":true,"href":"https:\/\/thedre.imag.fr\/index.php?rest_route=\/wp\/v2\/users\/1"}],"replies":[{"embeddable":true,"href":"https:\/\/thedre.imag.fr\/index.php?rest_route=%2Fwp%2Fv2%2Fcomments&post=1144"}],"version-history":[{"count":11,"href":"https:\/\/thedre.imag.fr\/index.php?rest_route=\/wp\/v2\/pages\/1144\/revisions"}],"predecessor-version":[{"id":1168,"href":"https:\/\/thedre.imag.fr\/index.php?rest_route=\/wp\/v2\/pages\/1144\/revisions\/1168"}],"wp:attachment":[{"href":"https:\/\/thedre.imag.fr\/index.php?rest_route=%2Fwp%2Fv2%2Fmedia&parent=1144"}],"curies":[{"name":"wp","href":"https:\/\/api.w.org\/{rel}","templated":true}]}}