{"id":1289,"date":"2023-09-27T09:30:27","date_gmt":"2023-09-27T09:30:27","guid":{"rendered":"http:\/\/thedre.imag.fr\/?page_id=1289"},"modified":"2023-11-28T08:09:08","modified_gmt":"2023-11-28T08:09:08","slug":"enseigner-thedre","status":"publish","type":"page","link":"https:\/\/thedre.imag.fr\/?page_id=1289","title":{"rendered":"Enseigner THEDRE"},"content":{"rendered":"\n<p>Septembre 2023<\/p>\n\n\n\n<p><a href=\"https:\/\/thedre.imag.fr\/wp-content\/uploads\/2023\/10\/Enseigner_thedre.pdf\">Pr\u00e9sentation des concepts et de la m\u00e9thode pour enseigner THEDRE (Octobre 2023)<\/a> <\/p>\n\n\n\n<p><a href=\"https:\/\/thedre.imag.fr\/wp-content\/uploads\/2023\/10\/2023_THEDRE_module_formation.pdf\">Pr\u00e9sentation pour enseigner THEDRE, support de cours pour les  \u00e9coles doctorales (octobre 2023)<\/a><br><\/p>\n","protected":false},"excerpt":{"rendered":"<p>Septembre 2023 Pr\u00e9sentation des concepts et de la m\u00e9thode pour enseigner THEDRE (Octobre 2023) Pr\u00e9sentation pour enseigner THEDRE, support de cours pour les \u00e9coles doctorales (octobre 2023)<\/p>\n","protected":false},"author":1,"featured_media":0,"parent":0,"menu_order":0,"comment_status":"closed","ping_status":"closed","template":"","meta":{"footnotes":""},"class_list":["post-1289","page","type-page","status-publish","hentry"],"_links":{"self":[{"href":"https:\/\/thedre.imag.fr\/index.php?rest_route=\/wp\/v2\/pages\/1289","targetHints":{"allow":["GET"]}}],"collection":[{"href":"https:\/\/thedre.imag.fr\/index.php?rest_route=\/wp\/v2\/pages"}],"about":[{"href":"https:\/\/thedre.imag.fr\/index.php?rest_route=\/wp\/v2\/types\/page"}],"author":[{"embeddable":true,"href":"https:\/\/thedre.imag.fr\/index.php?rest_route=\/wp\/v2\/users\/1"}],"replies":[{"embeddable":true,"href":"https:\/\/thedre.imag.fr\/index.php?rest_route=%2Fwp%2Fv2%2Fcomments&post=1289"}],"version-history":[{"count":8,"href":"https:\/\/thedre.imag.fr\/index.php?rest_route=\/wp\/v2\/pages\/1289\/revisions"}],"predecessor-version":[{"id":1341,"href":"https:\/\/thedre.imag.fr\/index.php?rest_route=\/wp\/v2\/pages\/1289\/revisions\/1341"}],"wp:attachment":[{"href":"https:\/\/thedre.imag.fr\/index.php?rest_route=%2Fwp%2Fv2%2Fmedia&parent=1289"}],"curies":[{"name":"wp","href":"https:\/\/api.w.org\/{rel}","templated":true}]}}