{"id":1347,"date":"2024-10-03T09:41:02","date_gmt":"2024-10-03T09:41:02","guid":{"rendered":"https:\/\/thedre.imag.fr\/?page_id=1347"},"modified":"2024-11-22T09:40:37","modified_gmt":"2024-11-22T09:40:37","slug":"ecole-doctorale-2024","status":"publish","type":"page","link":"https:\/\/thedre.imag.fr\/?page_id=1347","title":{"rendered":"Ecole doctorale &#8211; Grenoble &#8211;  2024"},"content":{"rendered":"\n<p><a href=\"https:\/\/thedre.imag.fr\/wp-content\/uploads\/2024\/11\/2024_THEDRE_module_formation_doctorant_nov24.pdf\" data-type=\"link\" data-id=\"https:\/\/thedre.imag.fr\/wp-content\/uploads\/2024\/11\/2024_THEDRE_module_formation_doctorant_nov24.pdf\">Pr\u00e9sentation pour le cours <\/a><\/p>\n\n\n\n<p><a href=\"https:\/\/thedre.imag.fr\/wp-content\/uploads\/2024\/11\/evaluation_question_epistemo_V2.docx\">Lien vers le questionnaire \u00e9pist\u00e9mologie <\/a><\/p>\n\n\n\n<p><a href=\"https:\/\/forms.gle\/iAkFmea6vHpx2U857\" target=\"_blank\" rel=\"noreferrer noopener\">Lien vers le questionnaire sur les moments <\/a><\/p>\n\n\n\n<p><\/p>\n","protected":false},"excerpt":{"rendered":"<p>Pr\u00e9sentation pour le cours Lien vers le questionnaire \u00e9pist\u00e9mologie Lien vers le questionnaire sur les moments<\/p>\n","protected":false},"author":1,"featured_media":0,"parent":0,"menu_order":0,"comment_status":"closed","ping_status":"closed","template":"","meta":{"footnotes":""},"class_list":["post-1347","page","type-page","status-publish","hentry"],"_links":{"self":[{"href":"https:\/\/thedre.imag.fr\/index.php?rest_route=\/wp\/v2\/pages\/1347","targetHints":{"allow":["GET"]}}],"collection":[{"href":"https:\/\/thedre.imag.fr\/index.php?rest_route=\/wp\/v2\/pages"}],"about":[{"href":"https:\/\/thedre.imag.fr\/index.php?rest_route=\/wp\/v2\/types\/page"}],"author":[{"embeddable":true,"href":"https:\/\/thedre.imag.fr\/index.php?rest_route=\/wp\/v2\/users\/1"}],"replies":[{"embeddable":true,"href":"https:\/\/thedre.imag.fr\/index.php?rest_route=%2Fwp%2Fv2%2Fcomments&post=1347"}],"version-history":[{"count":9,"href":"https:\/\/thedre.imag.fr\/index.php?rest_route=\/wp\/v2\/pages\/1347\/revisions"}],"predecessor-version":[{"id":1367,"href":"https:\/\/thedre.imag.fr\/index.php?rest_route=\/wp\/v2\/pages\/1347\/revisions\/1367"}],"wp:attachment":[{"href":"https:\/\/thedre.imag.fr\/index.php?rest_route=%2Fwp%2Fv2%2Fmedia&parent=1347"}],"curies":[{"name":"wp","href":"https:\/\/api.w.org\/{rel}","templated":true}]}}