{"id":1385,"date":"2025-10-09T14:23:26","date_gmt":"2025-10-09T14:23:26","guid":{"rendered":"https:\/\/thedre.imag.fr\/?page_id=1385"},"modified":"2025-10-14T07:00:37","modified_gmt":"2025-10-14T07:00:37","slug":"formation-abg-octobre-2025","status":"publish","type":"page","link":"https:\/\/thedre.imag.fr\/?page_id=1385","title":{"rendered":"Formation ABG -Octobre 2025"},"content":{"rendered":"\n<p><a href=\"https:\/\/thedre.imag.fr\/wp-content\/uploads\/2025\/10\/Presentation_un_jour_T5S.pdf\">Pr\u00e9sentation pour l\u2019expos\u00e9 de la m\u00e9thode THEDRE \/ T5S \u00e0 l\u2019Association Bernard Gr\u00e9gory (Paris)<\/a><\/p>\n\n\n\n<p><a href=\"https:\/\/thedre.imag.fr\/wp-content\/uploads\/2025\/10\/thedre-epistemological-self-assessment-tool-main1.zip\">lien questionnaire SEED \u00e9pist\u00e9mologie <\/a><\/p>\n\n\n\n<p><\/p>\n","protected":false},"excerpt":{"rendered":"<p>Pr\u00e9sentation pour l\u2019expos\u00e9 de la m\u00e9thode THEDRE \/ T5S \u00e0 l\u2019Association Bernard Gr\u00e9gory (Paris) lien questionnaire SEED \u00e9pist\u00e9mologie<\/p>\n","protected":false},"author":1,"featured_media":0,"parent":0,"menu_order":0,"comment_status":"closed","ping_status":"closed","template":"","meta":{"footnotes":""},"class_list":["post-1385","page","type-page","status-publish","hentry"],"_links":{"self":[{"href":"https:\/\/thedre.imag.fr\/index.php?rest_route=\/wp\/v2\/pages\/1385","targetHints":{"allow":["GET"]}}],"collection":[{"href":"https:\/\/thedre.imag.fr\/index.php?rest_route=\/wp\/v2\/pages"}],"about":[{"href":"https:\/\/thedre.imag.fr\/index.php?rest_route=\/wp\/v2\/types\/page"}],"author":[{"embeddable":true,"href":"https:\/\/thedre.imag.fr\/index.php?rest_route=\/wp\/v2\/users\/1"}],"replies":[{"embeddable":true,"href":"https:\/\/thedre.imag.fr\/index.php?rest_route=%2Fwp%2Fv2%2Fcomments&post=1385"}],"version-history":[{"count":2,"href":"https:\/\/thedre.imag.fr\/index.php?rest_route=\/wp\/v2\/pages\/1385\/revisions"}],"predecessor-version":[{"id":1391,"href":"https:\/\/thedre.imag.fr\/index.php?rest_route=\/wp\/v2\/pages\/1385\/revisions\/1391"}],"wp:attachment":[{"href":"https:\/\/thedre.imag.fr\/index.php?rest_route=%2Fwp%2Fv2%2Fmedia&parent=1385"}],"curies":[{"name":"wp","href":"https:\/\/api.w.org\/{rel}","templated":true}]}}