{"id":1393,"date":"2025-11-19T11:00:24","date_gmt":"2025-11-19T11:00:24","guid":{"rendered":"https:\/\/thedre.imag.fr\/?page_id=1393"},"modified":"2025-11-19T12:25:29","modified_gmt":"2025-11-19T12:25:29","slug":"formation-doctorale-lille-2025","status":"publish","type":"page","link":"https:\/\/thedre.imag.fr\/?page_id=1393","title":{"rendered":"Formation Doctorale Lille 2025"},"content":{"rendered":"\n<p><a href=\"https:\/\/thedre.imag.fr\/wp-content\/uploads\/2025\/11\/2025_THEDRE_module_formation_doctorant_nov25.pdf\">Pr\u00e9sentation pour le cours de novembre 2025<\/a><\/p>\n\n\n\n<p><a href=\"https:\/\/thedre.imag.fr\/wp-content\/uploads\/2025\/11\/thedre-epistemological-self-assessment-tool-main1.zip\">T\u00e9l\u00e9charger le questionnaire &#8220;Choisir sa posture  \u00e9pist\u00e9mologique&#8221;<\/a><\/p>\n\n\n\n<p><\/p>\n\n\n\n<p><\/p>\n","protected":false},"excerpt":{"rendered":"<p>Pr\u00e9sentation pour le cours de novembre 2025 T\u00e9l\u00e9charger le questionnaire &#8220;Choisir sa posture \u00e9pist\u00e9mologique&#8221;<\/p>\n","protected":false},"author":1,"featured_media":0,"parent":0,"menu_order":0,"comment_status":"closed","ping_status":"closed","template":"","meta":{"footnotes":""},"class_list":["post-1393","page","type-page","status-publish","hentry"],"_links":{"self":[{"href":"https:\/\/thedre.imag.fr\/index.php?rest_route=\/wp\/v2\/pages\/1393","targetHints":{"allow":["GET"]}}],"collection":[{"href":"https:\/\/thedre.imag.fr\/index.php?rest_route=\/wp\/v2\/pages"}],"about":[{"href":"https:\/\/thedre.imag.fr\/index.php?rest_route=\/wp\/v2\/types\/page"}],"author":[{"embeddable":true,"href":"https:\/\/thedre.imag.fr\/index.php?rest_route=\/wp\/v2\/users\/1"}],"replies":[{"embeddable":true,"href":"https:\/\/thedre.imag.fr\/index.php?rest_route=%2Fwp%2Fv2%2Fcomments&post=1393"}],"version-history":[{"count":6,"href":"https:\/\/thedre.imag.fr\/index.php?rest_route=\/wp\/v2\/pages\/1393\/revisions"}],"predecessor-version":[{"id":1403,"href":"https:\/\/thedre.imag.fr\/index.php?rest_route=\/wp\/v2\/pages\/1393\/revisions\/1403"}],"wp:attachment":[{"href":"https:\/\/thedre.imag.fr\/index.php?rest_route=%2Fwp%2Fv2%2Fmedia&parent=1393"}],"curies":[{"name":"wp","href":"https:\/\/api.w.org\/{rel}","templated":true}]}}