{"id":324,"date":"2019-11-26T08:35:19","date_gmt":"2019-11-26T08:35:19","guid":{"rendered":"http:\/\/thedre.imag.fr\/?page_id=324"},"modified":"2019-11-29T09:45:57","modified_gmt":"2019-11-29T09:45:57","slug":"lium","status":"publish","type":"page","link":"https:\/\/thedre.imag.fr\/?page_id=324","title":{"rendered":"LIUM"},"content":{"rendered":"\n<div class=\"wp-block-image\"><figure class=\"alignleft\"><img loading=\"lazy\" decoding=\"async\" width=\"123\" height=\"75\" src=\"http:\/\/thedre.imag.fr\/wp-content\/uploads\/2019\/11\/lium.png\" alt=\"\" class=\"wp-image-330\"\/><\/figure><\/div>\n\n\n\n<p>Cette page contient la pr\u00e9sentation et les outils qui ont \u00e9t\u00e9 utilis\u00e9s lors de la formation &#8220;<strong>THEDRE :Construire votre m\u00e9thode de conduite de la recherche&#8221; <\/strong>au LIUM en Novembre 2019<strong>. <\/strong>   <a href=\"http:\/\/thedre.imag.fr\/wp-content\/uploads\/2019\/11\/2019_11_08_Formation_LAVAL_V3.pdf\">Support de formation<\/a><\/p>\n\n\n\n<p><a href=\"http:\/\/thedre.imag.fr\/wp-content\/uploads\/2019\/11\/methode_taches.pptx\">Organiser le travail entre doctorant(es) et encadrant(es) de th\u00e8se : diagramme et listes des t\u00e2ches<\/a><\/p>\n\n\n\n<ul class=\"wp-block-list\"><li><strong>INITIER LA RECHERCHE<\/strong> <\/li><li><a href=\"http:\/\/thedre.imag.fr\/wp-content\/uploads\/2019\/11\/guide_bien_commencer_these.docx\">Pour bien commencer un travail de th\u00e8se et construire sa probl\u00e9matique<\/a><\/li><li><a href=\"http:\/\/thedre.imag.fr\/wp-content\/uploads\/2019\/11\/guide_contribution_outils.docx\">Sp\u00e9cifier la contribution scientifique et les outils associ\u00e9s <\/a><\/li><li><a href=\"http:\/\/thedre.imag.fr\/wp-content\/uploads\/2019\/11\/guide_contexte_educationnel.docx\">Sp\u00e9cifier le contexte \u00e9ducationnel<\/a><\/li><li><a href=\"http:\/\/thedre.imag.fr\/wp-content\/uploads\/2019\/11\/guide_indicateurs-et-mesures-1.docx\">Sp\u00e9cifier les indicateurs et mesures \u00e0 prendre <\/a><\/li><li><\/li><\/ul>\n\n\n\n<ul class=\"wp-block-list\"><li><strong>EXPERIMENTER<\/strong><\/li><li><a href=\"http:\/\/thedre.imag.fr\/wp-content\/uploads\/2019\/11\/guide_crite\u0300re_arbre_matui.docx\">Lister les crit\u00e8res pour choisir une\/des m\u00e9thodes de production de donn\u00e9es <\/a><\/li><li><a href=\"http:\/\/thedre.imag.fr\/wp-content\/uploads\/2019\/11\/MATUI_DBR_aout19__not_exist.pdf\">Arbre de choix des m\u00e9thodes  si l&#8217;outil n&#8217;existe pas<\/a><\/li><li><a href=\"http:\/\/thedre.imag.fr\/wp-content\/uploads\/2019\/11\/MATUI_DBR_aout19__exist_not_interactive.pdf\">Arbre de choix des m\u00e9thodes  si l&#8217;outil existe en format statique<\/a><\/li><li><a href=\"http:\/\/thedre.imag.fr\/wp-content\/uploads\/2019\/11\/MATUI_DBR_aout19__exist_interactive.pdf\">Arbre de choix des m\u00e9thodes  si l&#8217;outil existe en format dynamique<\/a><\/li><li><a href=\"http:\/\/thedre.imag.fr\/wp-content\/uploads\/2019\/11\/guide_rediger_un_protocole_expe\u0301rimental.docx\">R\u00e9diger un protocole exp\u00e9rimental<\/a> <\/li><li><a href=\"http:\/\/thedre.imag.fr\/wp-content\/uploads\/2019\/11\/Notice_rediger-entretien_questionnanire.docx\">Notice pour r\u00e9diger un guide d&#8217;entretien ou un questionnaire<\/a><\/li><li><a href=\"http:\/\/thedre.imag.fr\/wp-content\/uploads\/2019\/11\/Guide_scenariser_Focus_group.docx\">Animer un focus-group, sc\u00e9nariser une exp\u00e9rimentation<\/a><\/li><\/ul>\n\n\n\n<ul class=\"wp-block-list\"><li><strong>ANALYSER LES DONNEES<\/strong><\/li><li><a href=\"http:\/\/thedre.imag.fr\/wp-content\/uploads\/2019\/11\/notice_analyse_qualitative.docx\">Notice pour analyser des donn\u00e9es qualitatives <\/a><\/li><li><a href=\"http:\/\/thedre.imag.fr\/wp-content\/uploads\/2019\/11\/ECGBL12_Pernin_et_al_definitive_8Jun2012.pdf\">Exemple d&#8217;analyse qualitative publi\u00e9e \u00e0 LGBL. <\/a><\/li><\/ul>\n","protected":false},"excerpt":{"rendered":"<p>Cette page contient la pr\u00e9sentation et les outils qui ont \u00e9t\u00e9 utilis\u00e9s lors de la formation &#8220;THEDRE :Construire votre m\u00e9thode de conduite de la recherche&#8221; au LIUM en Novembre 2019. Support de formation Organiser le travail entre doctorant(es) et encadrant(es) de th\u00e8se : diagramme et listes des t\u00e2ches INITIER LA RECHERCHE Pour bien commencer un &hellip; <a href=\"https:\/\/thedre.imag.fr\/?page_id=324\" class=\"more-link\">Continue reading<span class=\"screen-reader-text\"> &#8220;LIUM&#8221;<\/span><\/a><\/p>\n","protected":false},"author":1,"featured_media":0,"parent":0,"menu_order":0,"comment_status":"closed","ping_status":"closed","template":"","meta":{"footnotes":""},"class_list":["post-324","page","type-page","status-publish","hentry"],"_links":{"self":[{"href":"https:\/\/thedre.imag.fr\/index.php?rest_route=\/wp\/v2\/pages\/324","targetHints":{"allow":["GET"]}}],"collection":[{"href":"https:\/\/thedre.imag.fr\/index.php?rest_route=\/wp\/v2\/pages"}],"about":[{"href":"https:\/\/thedre.imag.fr\/index.php?rest_route=\/wp\/v2\/types\/page"}],"author":[{"embeddable":true,"href":"https:\/\/thedre.imag.fr\/index.php?rest_route=\/wp\/v2\/users\/1"}],"replies":[{"embeddable":true,"href":"https:\/\/thedre.imag.fr\/index.php?rest_route=%2Fwp%2Fv2%2Fcomments&post=324"}],"version-history":[{"count":35,"href":"https:\/\/thedre.imag.fr\/index.php?rest_route=\/wp\/v2\/pages\/324\/revisions"}],"predecessor-version":[{"id":383,"href":"https:\/\/thedre.imag.fr\/index.php?rest_route=\/wp\/v2\/pages\/324\/revisions\/383"}],"wp:attachment":[{"href":"https:\/\/thedre.imag.fr\/index.php?rest_route=%2Fwp%2Fv2%2Fmedia&parent=324"}],"curies":[{"name":"wp","href":"https:\/\/api.w.org\/{rel}","templated":true}]}}