{"id":466,"date":"2020-03-23T13:52:24","date_gmt":"2020-03-23T13:52:24","guid":{"rendered":"http:\/\/thedre.imag.fr\/?page_id=466"},"modified":"2025-10-09T13:53:50","modified_gmt":"2025-10-09T13:53:50","slug":"guides-pour-commencer","status":"publish","type":"page","link":"https:\/\/thedre.imag.fr\/?page_id=466","title":{"rendered":"Construire la probl\u00e9matique et l&#8217;\u00e9tat de l&#8217;art"},"content":{"rendered":"\n<h4 class=\"wp-block-heading\">Pour  bien commencer  &#8230;.<\/h4>\n\n\n\n<p><a href=\"https:\/\/thedre.imag.fr\/wp-content\/uploads\/2025\/10\/se_situer_dans-un-cadre_epistemo_V6.docx\">Pour choisir son cadre \u00e9pist\u00e9mologique de chercheur et r\u00e9fl\u00e9chir au statut et \u00e0 la valeur des  connaissances produites sur le monde (exercice r\u00e9flexif !!)<\/a><\/p>\n\n\n\n<p><a href=\"https:\/\/thedre.imag.fr\/wp-content\/uploads\/2025\/10\/initier_collaborer_V6.docx\">Pour introduire le sujet de th\u00e8se au doctorant, outil collaboratif entre doctorant et encadrant <\/a><\/p>\n\n\n\n<p><\/p>\n\n\n\n<h4 class=\"wp-block-heading\"> probl\u00e9matique &amp; Etat de l&#8217;art <\/h4>\n\n\n\n<p><a href=\"https:\/\/thedre.imag.fr\/wp-content\/uploads\/2025\/10\/Construire-sa-problematique_V7.docx\">Construire sa probl\u00e9matique et avoir les bons points de d\u00e9parts <\/a><\/p>\n\n\n\n<p><a href=\"https:\/\/thedre.imag.fr\/wp-content\/uploads\/2025\/10\/V7_Construire_structurer_etat_art.docx\">Construire un \u00e9tat de l&#8217;art, une revue de la litt\u00e9rature <\/a><\/p>\n\n\n\n<p><a href=\"https:\/\/thedre.imag.fr\/wp-content\/uploads\/2023\/10\/V6_Identifier_indicateurs.docx\">Identifier les indicateurs d&#8217;objectifs et les mesures \u00e0 pre<\/a><a href=\"http:\/\/thedre.imag.fr\/wp-content\/uploads\/2023\/10\/V6_Identifier_indicateurs.docx\">ndre<\/a><\/p>\n\n\n\n<p><\/p>\n\n\n\n<h4 class=\"wp-block-heading\">Outils sp\u00e9cifiques selon les disciplines<\/h4>\n\n\n\n<p><a href=\"https:\/\/thedre.imag.fr\/wp-content\/uploads\/2020\/03\/Guide_contexte_educationnel.docx\">Dans un contexte \u00e9ducationnel, outil pour sp\u00e9cifier le contexte <\/a><\/p>\n\n\n\n<p><br><\/p>\n","protected":false},"excerpt":{"rendered":"<p>Pour bien commencer &#8230;. Pour choisir son cadre \u00e9pist\u00e9mologique de chercheur et r\u00e9fl\u00e9chir au statut et \u00e0 la valeur des connaissances produites sur le monde (exercice r\u00e9flexif !!) Pour introduire le sujet de th\u00e8se au doctorant, outil collaboratif entre doctorant et encadrant probl\u00e9matique &amp; Etat de l&#8217;art Construire sa probl\u00e9matique et avoir les bons points &hellip; <a href=\"https:\/\/thedre.imag.fr\/?page_id=466\" class=\"more-link\">Continue reading<span class=\"screen-reader-text\"> &#8220;Construire la probl\u00e9matique et l&#8217;\u00e9tat de l&#8217;art&#8221;<\/span><\/a><\/p>\n","protected":false},"author":1,"featured_media":0,"parent":0,"menu_order":0,"comment_status":"closed","ping_status":"closed","template":"","meta":{"footnotes":""},"class_list":["post-466","page","type-page","status-publish","hentry"],"_links":{"self":[{"href":"https:\/\/thedre.imag.fr\/index.php?rest_route=\/wp\/v2\/pages\/466","targetHints":{"allow":["GET"]}}],"collection":[{"href":"https:\/\/thedre.imag.fr\/index.php?rest_route=\/wp\/v2\/pages"}],"about":[{"href":"https:\/\/thedre.imag.fr\/index.php?rest_route=\/wp\/v2\/types\/page"}],"author":[{"embeddable":true,"href":"https:\/\/thedre.imag.fr\/index.php?rest_route=\/wp\/v2\/users\/1"}],"replies":[{"embeddable":true,"href":"https:\/\/thedre.imag.fr\/index.php?rest_route=%2Fwp%2Fv2%2Fcomments&post=466"}],"version-history":[{"count":40,"href":"https:\/\/thedre.imag.fr\/index.php?rest_route=\/wp\/v2\/pages\/466\/revisions"}],"predecessor-version":[{"id":1383,"href":"https:\/\/thedre.imag.fr\/index.php?rest_route=\/wp\/v2\/pages\/466\/revisions\/1383"}],"wp:attachment":[{"href":"https:\/\/thedre.imag.fr\/index.php?rest_route=%2Fwp%2Fv2%2Fmedia&parent=466"}],"curies":[{"name":"wp","href":"https:\/\/api.w.org\/{rel}","templated":true}]}}