{"id":473,"date":"2020-03-23T14:04:14","date_gmt":"2020-03-23T14:04:14","guid":{"rendered":"http:\/\/thedre.imag.fr\/?page_id=473"},"modified":"2023-11-28T08:04:46","modified_gmt":"2023-11-28T08:04:46","slug":"experimenter","status":"publish","type":"page","link":"https:\/\/thedre.imag.fr\/?page_id=473","title":{"rendered":"Exp\u00e9rimenter\/Etudier"},"content":{"rendered":"\n<p>Vous trouverez dans cette page des outils pour construire vos exp\u00e9rimentations et des outils pour choisir des m\u00e9thodes issues des sciences humaines<\/p>\n\n\n\n<ul class=\"wp-block-list\"><li><a href=\"https:\/\/thedre.imag.fr\/wp-content\/uploads\/2023\/10\/V6_Rediger_protocole_etude_expe\u0301.docx\">R\u00e9diger un protocole exp\u00e9rimental ou un protocole d&#8217;\u00e9tude<\/a><\/li><li><a href=\"https:\/\/thedre.imag.fr\/wp-content\/uploads\/2023\/10\/V6_Organiser_etude_expe.docx\">Organiser une exp\u00e9rimentation\/une \u00e9tude<\/a><\/li><li><a href=\"https:\/\/thedre.imag.fr\/wp-content\/uploads\/2023\/10\/V6_bilan_etude_Expe.docx\">Dresser le bilan d&#8217;une exp\u00e9rimentation\/d&#8217;une \u00e9tude <\/a><\/li><\/ul>\n\n\n\n<p><strong>Si vous avez besoin d&#8217; impliquer des humains pour construire ou \u00e9valuer vos outils\/dispositifs <\/strong><\/p>\n\n\n\n<p><em>1- Identifier les bonnes m\u00e9thodes de production des donn\u00e9es des SHS&#8230;. <\/em><\/p>\n\n\n\n<p><em>Avant d&#8217;aller plus loin, Juste une remarque les m\u00e9thodes qualitatives sont faites pour d\u00e9crire, comprendre, identifier des ph\u00e9nom\u00e8nes, les m\u00e9thodes quantitatives pour d\u00e9nombrer ..<\/em> <\/p>\n\n\n\n<ul class=\"wp-block-list\"><li><a href=\"https:\/\/thedre.imag.fr\/wp-content\/uploads\/2020\/04\/V4_Criteres_choisir_methodes_production_donnees.docx\">Lister les crit\u00e8res pour choisir une\/des m\u00e9thodes de production de donn\u00e9es<\/a><a href=\"http:\/\/thedre.imag.fr\/wp-content\/uploads\/2020\/03\/Guide_critere_arbre_matui.docx\"> <\/a><\/li><li><a href=\"https:\/\/thedre.imag.fr\/wp-content\/uploads\/2020\/03\/MATUI_DBR_aout19__not_exist-V2.pdf\">Arbre de choix des m\u00e9thodes  si l&#8217;outil n&#8217;existe pas<\/a><\/li><li><a href=\"https:\/\/thedre.imag.fr\/wp-content\/uploads\/2020\/03\/MATUI_DBR_aout19__exist_not_interactive-V2.pdf\">Arbre de choix des m\u00e9thodes  si l&#8217;outil existe en format non num\u00e9rique<\/a><\/li><li><a href=\"https:\/\/thedre.imag.fr\/wp-content\/uploads\/2020\/01\/MATUI_DBR_aout19__exist_interactive-V2.pdf\">Arbre de choix des m\u00e9thodes  si l&#8217;outil existe en format dynamique<\/a><\/li><\/ul>\n\n\n\n<p><em>2- Faire des outils de production des donn\u00e9es  pour \u00e9tudier l&#8217;humain : entretien, questionnaires<\/em><\/p>\n\n\n\n<ul class=\"wp-block-list\"><li><a href=\"https:\/\/thedre.imag.fr\/wp-content\/uploads\/2020\/03\/Notice_rediger_entretien_questionnaire.docx\">Notice pour r\u00e9diger un guide d\u2019entretien ou un questionnaire<\/a><a href=\"http:\/\/thedre.imag.fr\/wp-content\/uploads\/2020\/01\/Guide_scenariser_Focus_group_V2.docx\"><\/a><\/li><\/ul>\n\n\n\n<p><\/p>\n","protected":false},"excerpt":{"rendered":"<p>Vous trouverez dans cette page des outils pour construire vos exp\u00e9rimentations et des outils pour choisir des m\u00e9thodes issues des sciences humaines R\u00e9diger un protocole exp\u00e9rimental ou un protocole d&#8217;\u00e9tude Organiser une exp\u00e9rimentation\/une \u00e9tude Dresser le bilan d&#8217;une exp\u00e9rimentation\/d&#8217;une \u00e9tude Si vous avez besoin d&#8217; impliquer des humains pour construire ou \u00e9valuer vos outils\/dispositifs 1- &hellip; <a href=\"https:\/\/thedre.imag.fr\/?page_id=473\" class=\"more-link\">Continue reading<span class=\"screen-reader-text\"> &#8220;Exp\u00e9rimenter\/Etudier&#8221;<\/span><\/a><\/p>\n","protected":false},"author":1,"featured_media":0,"parent":0,"menu_order":0,"comment_status":"closed","ping_status":"closed","template":"","meta":{"footnotes":""},"class_list":["post-473","page","type-page","status-publish","hentry"],"_links":{"self":[{"href":"https:\/\/thedre.imag.fr\/index.php?rest_route=\/wp\/v2\/pages\/473","targetHints":{"allow":["GET"]}}],"collection":[{"href":"https:\/\/thedre.imag.fr\/index.php?rest_route=\/wp\/v2\/pages"}],"about":[{"href":"https:\/\/thedre.imag.fr\/index.php?rest_route=\/wp\/v2\/types\/page"}],"author":[{"embeddable":true,"href":"https:\/\/thedre.imag.fr\/index.php?rest_route=\/wp\/v2\/users\/1"}],"replies":[{"embeddable":true,"href":"https:\/\/thedre.imag.fr\/index.php?rest_route=%2Fwp%2Fv2%2Fcomments&post=473"}],"version-history":[{"count":30,"href":"https:\/\/thedre.imag.fr\/index.php?rest_route=\/wp\/v2\/pages\/473\/revisions"}],"predecessor-version":[{"id":1337,"href":"https:\/\/thedre.imag.fr\/index.php?rest_route=\/wp\/v2\/pages\/473\/revisions\/1337"}],"wp:attachment":[{"href":"https:\/\/thedre.imag.fr\/index.php?rest_route=%2Fwp%2Fv2%2Fmedia&parent=473"}],"curies":[{"name":"wp","href":"https:\/\/api.w.org\/{rel}","templated":true}]}}