{"id":531,"date":"2020-03-24T09:48:55","date_gmt":"2020-03-24T09:48:55","guid":{"rendered":"http:\/\/thedre.imag.fr\/?page_id=531"},"modified":"2023-11-28T08:08:14","modified_gmt":"2023-11-28T08:08:14","slug":"communiquer","status":"publish","type":"page","link":"https:\/\/thedre.imag.fr\/?page_id=531","title":{"rendered":"Publier des r\u00e9sultats"},"content":{"rendered":"\n<div class=\"wp-block-image\"><figure class=\"alignright is-resized\"><img loading=\"lazy\" decoding=\"async\" src=\"http:\/\/thedre.imag.fr\/wp-content\/uploads\/2020\/03\/writing-828911_1920-1024x683.jpg\" alt=\"\" class=\"wp-image-635\" width=\"176\" height=\"117\" srcset=\"https:\/\/thedre.imag.fr\/wp-content\/uploads\/2020\/03\/writing-828911_1920-1024x683.jpg 1024w, https:\/\/thedre.imag.fr\/wp-content\/uploads\/2020\/03\/writing-828911_1920-300x200.jpg 300w, https:\/\/thedre.imag.fr\/wp-content\/uploads\/2020\/03\/writing-828911_1920-768x512.jpg 768w, https:\/\/thedre.imag.fr\/wp-content\/uploads\/2020\/03\/writing-828911_1920-1200x800.jpg 1200w, https:\/\/thedre.imag.fr\/wp-content\/uploads\/2020\/03\/writing-828911_1920.jpg 1920w\" sizes=\"auto, (max-width: 176px) 85vw, 176px\" \/><\/figure><\/div>\n\n\n\n<p> Avant de r\u00e9diger un article dans une revue ou une conf\u00e9rence, il est important de lire plusieurs articles de la revue ou de la conf\u00e9rence pour identifier comment ils sont r\u00e9dig\u00e9s.  <\/p>\n\n\n\n<p><a href=\"https:\/\/thedre.imag.fr\/wp-content\/uploads\/2022\/12\/V6_Rediger_article_scientifique.docx\">Guide pour r\u00e9diger un article de recherche<\/a> <\/p>\n\n\n\n<p><b>Un article &#8230; <\/b><br>1) Expose un probl\u00e8me, un contexte<br>2) Indique pourquoi le probl\u00e8me est important et difficile <br>3) Pr\u00e9sente les avanc\u00e9es de la recherche \u00e0 ce propos <br>4) Pr\u00e9sente les manques et les questions qui restent \u00e0 r\u00e9soudre et une probl\u00e9matique<br>5) Propose une contribution scientifique novatrice par rapport \u00e0 la litt\u00e9rature<br>6) Pr\u00e9cise comment et par qui elle a \u00e9t\u00e9 construite et \u00e9valu\u00e9e<br>7) D\u00e9crit ce qu&#8217;elle apporte par rapport \u00e0 la litt\u00e9rature<br>8) D\u00e9taille les limites de cette contribution et les perspectives <\/p>\n\n\n\n<p><b>Avant de commencer, \u00e0 discuter avec vos encadrants &#8230;<\/b><br>&#8211; Quelles sont la ou les contributions que vous souhaitez publier ? <br>&#8211; Quelles sont les revues pour le faire ? <br>&#8211; Quelles sont les recommandations aux auteurs ? <br>&#8211; Quelle est la norme d&#8217;\u00e9criture \u00e0 suivre ? (e.g. <a href=\"https:\/\/bib.umontreal.ca\/citer\/styles-bibliographiques\/apa\"> Norme APA) <\/a><br>&#8211; Quand souhaitez-vous publier ? (une date butoir arrive vite !) <br>&#8211; Si vous r\u00e9digez \u00e0 plusieurs, quel est l&#8217;ordre des auteurs ? <br>&#8211; Quelle r\u00e9partition des t\u00e2ches ? <br> <\/p>\n\n\n\n<p><b>Autres conseils &#8230;<\/b><br>&#8211; Utiliser une \u00e9criture claire, pr\u00e9cise et concise. Eviter les envol\u00e9es lyriques &#8230; <br>&#8211; Nommer les figures et les tableaux et v\u00e9rifier la concordance avec leur num\u00e9rotation dans le texte<br>&#8211; Dans le texte, pr\u00e9senter vos figures et vos tableaux <br>&#8211; V\u00e9rifier la coh\u00e9rence entre les auteurs cit\u00e9s et la liste bibliographique (penser \u00e0 la norme)<br>&#8211; R\u00e9diger le r\u00e9sum\u00e9 quand l&#8217;article est termin\u00e9 : une phrase pour chacune des parties de l&#8217;article <br>&#8211; Laisser reposer quelques jours et relire l&#8217;article<\/p>\n\n\n\n<p><b>Dernier conseil &#8230;<\/b><br>Lire la conclusion et v\u00e9rifier la coh\u00e9rence avec l&#8217;introduction et le d\u00e9roul\u00e9 de l&#8217;article<\/p>\n\n\n\n<p><\/p>\n","protected":false},"excerpt":{"rendered":"<p>Avant de r\u00e9diger un article dans une revue ou une conf\u00e9rence, il est important de lire plusieurs articles de la revue ou de la conf\u00e9rence pour identifier comment ils sont r\u00e9dig\u00e9s. Guide pour r\u00e9diger un article de recherche Un article &#8230; 1) Expose un probl\u00e8me, un contexte2) Indique pourquoi le probl\u00e8me est important et difficile &hellip; <a href=\"https:\/\/thedre.imag.fr\/?page_id=531\" class=\"more-link\">Continue reading<span class=\"screen-reader-text\"> &#8220;Publier des r\u00e9sultats&#8221;<\/span><\/a><\/p>\n","protected":false},"author":1,"featured_media":0,"parent":0,"menu_order":0,"comment_status":"closed","ping_status":"closed","template":"","meta":{"footnotes":""},"class_list":["post-531","page","type-page","status-publish","hentry"],"_links":{"self":[{"href":"https:\/\/thedre.imag.fr\/index.php?rest_route=\/wp\/v2\/pages\/531","targetHints":{"allow":["GET"]}}],"collection":[{"href":"https:\/\/thedre.imag.fr\/index.php?rest_route=\/wp\/v2\/pages"}],"about":[{"href":"https:\/\/thedre.imag.fr\/index.php?rest_route=\/wp\/v2\/types\/page"}],"author":[{"embeddable":true,"href":"https:\/\/thedre.imag.fr\/index.php?rest_route=\/wp\/v2\/users\/1"}],"replies":[{"embeddable":true,"href":"https:\/\/thedre.imag.fr\/index.php?rest_route=%2Fwp%2Fv2%2Fcomments&post=531"}],"version-history":[{"count":40,"href":"https:\/\/thedre.imag.fr\/index.php?rest_route=\/wp\/v2\/pages\/531\/revisions"}],"predecessor-version":[{"id":1340,"href":"https:\/\/thedre.imag.fr\/index.php?rest_route=\/wp\/v2\/pages\/531\/revisions\/1340"}],"wp:attachment":[{"href":"https:\/\/thedre.imag.fr\/index.php?rest_route=%2Fwp%2Fv2%2Fmedia&parent=531"}],"curies":[{"name":"wp","href":"https:\/\/api.w.org\/{rel}","templated":true}]}}