{"id":66,"date":"2017-07-03T13:55:29","date_gmt":"2017-07-03T13:55:29","guid":{"rendered":"http:\/\/thedre.imag.fr\/?page_id=66"},"modified":"2019-05-29T13:38:24","modified_gmt":"2019-05-29T13:38:24","slug":"pratical-manual","status":"publish","type":"page","link":"https:\/\/thedre.imag.fr\/?page_id=66","title":{"rendered":"Pratical Manual"},"content":{"rendered":"<p>Vous trouverez sur cette page un ensemble de guides pour vous aider dans la conduite de votre projet de recherche et pour la mise en oeuvre des exp\u00e9rimentations\u00a0 selon les 4 \u00e9tapes du Plan-Do-Check-Act.<\/p>\n<p><em><strong>PLANIFICATION\u00a0<\/strong> <\/em><\/p>\n<p><a href=\"http:\/\/thedre.imag.fr\/wp-content\/uploads\/2017\/07\/guide_brainstroming.xlsx\">Guide pour ne rien oublier au d\u00e9but d&#8217;une d\u00e9marche de recherche\u00a0 (excel)\u00a0<\/a><a href=\"http:\/\/thedre.imag.fr\/wp-content\/uploads\/2017\/07\/Guide-de-\u00ab-Brainstorming-\u00bb.docx\">(word)\u00a0<\/a><\/p>\n<p><a href=\"http:\/\/thedre.imag.fr\/wp-content\/uploads\/2017\/07\/description_indicateur-1.xlsx\">Guide pour d\u00e9crire les indicateurs de suivi du projet de recherche (excel)\u00a0<\/a><a href=\"http:\/\/thedre.imag.fr\/wp-content\/uploads\/2017\/07\/description_indicateur-1.xlsx\">(word)<\/a><\/p>\n<p><a href=\"http:\/\/thedre.imag.fr\/wp-content\/uploads\/2017\/07\/guide_decomposition_OA.xlsx\">Guide pour d\u00e9crire\u00a0 les outils activables \u00e0 cr\u00e9er (excel)<\/a><a href=\"http:\/\/thedre.imag.fr\/wp-content\/uploads\/2017\/07\/Guide_decomposition_outil_activable.docx\">(word)<\/a><\/p>\n<p><a href=\"http:\/\/thedre.imag.fr\/wp-content\/uploads\/2017\/07\/ishikawa_expe.pdf\">Diagramme pour orchestrer l&#8217;organisation des exp\u00e9rimentations (pdf)<\/a><\/p>\n<p><em>EXPERIMENTATION<\/em><\/p>\n<p><a href=\"http:\/\/thedre.imag.fr\/wp-content\/uploads\/2019\/05\/logigramme_matui.pdf\">Guide pour choisir une m\u00e9thode exp\u00e9rimentale<\/a> <a href=\"http:\/\/thedre.imag.fr\/wp-content\/uploads\/2019\/05\/RCIS2018_THEDRE_MATUI.pdf\">(<em>explications dans l&#8217;article RCIS 2018<\/em>)<\/a><\/p>\n<p><a href=\"http:\/\/thedre.imag.fr\/wp-content\/uploads\/2019\/05\/protocole_expe\u0301rimental.docx\">Guide pour r\u00e9diger un protocole exp\u00e9rimental<\/a><\/p>\n<p><a href=\"http:\/\/thedre.imag.fr\/wp-content\/uploads\/2017\/07\/guide_passation_animation.xlsx\">Guide pour organiser l&#8217;animation d&#8217;une exp\u00e9rimentation\u00a0 (excel)\u00a0<\/a><a href=\"http:\/\/thedre.imag.fr\/wp-content\/uploads\/2017\/07\/guide_passation_animation.xlsx\">(word)<\/a><\/p>\n<p><a href=\"http:\/\/thedre.imag.fr\/wp-content\/uploads\/2017\/07\/Guide-pour-\u00ab-re\u0301diger-un-guide-d\u2019entretien\u00bb.docx\">\u00a0<\/a><a href=\"http:\/\/thedre.imag.fr\/wp-content\/uploads\/2017\/07\/Guide_rediger-un-guide-d_entretien.docx\">Guide pour r\u00e9diger un guide d&#8217;entretien ou un\u00a0 questionnaire\u00a0 (word)<\/a><\/p>\n<p><a href=\"http:\/\/thedre.imag.fr\/wp-content\/uploads\/2017\/07\/Grille_analyse_thematique.docx\">Grille pour faire une analyse th\u00e9matique (word)<\/a><\/p>\n<p><em>CONTROLE<\/em><\/p>\n<p><a href=\"http:\/\/thedre.imag.fr\/wp-content\/uploads\/2017\/07\/guide_synthe\u0300se_expe.xlsx\">Guide pour r\u00e9aliser une synth\u00e8se des exp\u00e9rimentations (excel)\u00a0<\/a><a href=\"http:\/\/thedre.imag.fr\/wp-content\/uploads\/2017\/07\/synthese_experiment.docx\">(word)<\/a><\/p>\n<p><em>APRES LES RESULTATS<\/em><\/p>\n<p><a href=\"http:\/\/thedre.imag.fr\/wp-content\/uploads\/2017\/07\/guide_capitalisation.xlsx\">Guide pour capitaliser les documents produits pendant la recherche (excel) <\/a><a href=\"http:\/\/thedre.imag.fr\/wp-content\/uploads\/2017\/07\/Capitalisation_Data_analyse.docx\">(word)<\/a><\/p>\n","protected":false},"excerpt":{"rendered":"<p>Vous trouverez sur cette page un ensemble de guides pour vous aider dans la conduite de votre projet de recherche et pour la mise en oeuvre des exp\u00e9rimentations\u00a0 selon les 4 \u00e9tapes du Plan-Do-Check-Act. PLANIFICATION\u00a0 Guide pour ne rien oublier au d\u00e9but d&#8217;une d\u00e9marche de recherche\u00a0 (excel)\u00a0(word)\u00a0 Guide pour d\u00e9crire les indicateurs de suivi du &hellip; <a href=\"https:\/\/thedre.imag.fr\/?page_id=66\" class=\"more-link\">Continue reading<span class=\"screen-reader-text\"> &#8220;Pratical Manual&#8221;<\/span><\/a><\/p>\n","protected":false},"author":1,"featured_media":0,"parent":0,"menu_order":0,"comment_status":"closed","ping_status":"closed","template":"","meta":{"footnotes":""},"class_list":["post-66","page","type-page","status-publish","hentry"],"_links":{"self":[{"href":"https:\/\/thedre.imag.fr\/index.php?rest_route=\/wp\/v2\/pages\/66","targetHints":{"allow":["GET"]}}],"collection":[{"href":"https:\/\/thedre.imag.fr\/index.php?rest_route=\/wp\/v2\/pages"}],"about":[{"href":"https:\/\/thedre.imag.fr\/index.php?rest_route=\/wp\/v2\/types\/page"}],"author":[{"embeddable":true,"href":"https:\/\/thedre.imag.fr\/index.php?rest_route=\/wp\/v2\/users\/1"}],"replies":[{"embeddable":true,"href":"https:\/\/thedre.imag.fr\/index.php?rest_route=%2Fwp%2Fv2%2Fcomments&post=66"}],"version-history":[{"count":17,"href":"https:\/\/thedre.imag.fr\/index.php?rest_route=\/wp\/v2\/pages\/66\/revisions"}],"predecessor-version":[{"id":204,"href":"https:\/\/thedre.imag.fr\/index.php?rest_route=\/wp\/v2\/pages\/66\/revisions\/204"}],"wp:attachment":[{"href":"https:\/\/thedre.imag.fr\/index.php?rest_route=%2Fwp%2Fv2%2Fmedia&parent=66"}],"curies":[{"name":"wp","href":"https:\/\/api.w.org\/{rel}","templated":true}]}}