{"id":777,"date":"2020-10-12T09:20:32","date_gmt":"2020-10-12T09:20:32","guid":{"rendered":"http:\/\/thedre.imag.fr\/?page_id=777"},"modified":"2024-01-12T17:03:22","modified_gmt":"2024-01-12T17:03:22","slug":"ced-grenoble","status":"publish","type":"page","link":"https:\/\/thedre.imag.fr\/?page_id=777","title":{"rendered":"CED Grenoble"},"content":{"rendered":"\n<p>Formations du Coll\u00e8ge Doctoral de Grenoble<\/p>\n\n\n\n<p><a href=\".\/wp-content\/uploads\/2024\/01\/2023_THEDRE_module_formation_jan24.pdf\">Pr\u00e9sentation 16 et 17 Janvier 2024<\/a><\/p>\n\n\n\n<p><a href=\"http:\/\/thedre.imag.fr\/wp-content\/uploads\/2023\/01\/2022_12_formation_CED_grenoble-2.pdf\">Pr\u00e9sentation pour les STS &#8211; 17 et 18 Janvier 2023<\/a><\/p>\n\n\n\n<p><a href=\"http:\/\/thedre.imag.fr\/wp-content\/uploads\/2022\/12\/2022_12_formation_CED_SHS_grenoble.pdf\">Pr\u00e9sentation pour les SHS &#8211; 6 et 7 d\u00e9cembre 2022<\/a><\/p>\n\n\n\n<p><a href=\"http:\/\/thedre.imag.fr\/wp-content\/uploads\/2021\/12\/2020_10_formation_CED_SHS_grenoble.pdf\">Pr\u00e9sentation pour les SHS &#8211; 1 et 2 d\u00e9cembre 2021<\/a><\/p>\n\n\n\n<p><a href=\"http:\/\/thedre.imag.fr\/wp-content\/uploads\/2020\/10\/2020_10_formation_CED_SHS_grenoble.pdf\">Pr\u00e9sentation pour les SHS &#8211; 13 et 14 octobre 2020<\/a><\/p>\n\n\n\n<p><a href=\"http:\/\/thedre.imag.fr\/wp-content\/uploads\/2020\/10\/2020_10_formation_CED_STS_grenoble.pdf\">Pr\u00e9sentation pour les STS &#8211; 20 et 21  octobre 2020<\/a><\/p>\n","protected":false},"excerpt":{"rendered":"<p>Formations du Coll\u00e8ge Doctoral de Grenoble Pr\u00e9sentation 16 et 17 Janvier 2024 Pr\u00e9sentation pour les STS &#8211; 17 et 18 Janvier 2023 Pr\u00e9sentation pour les SHS &#8211; 6 et 7 d\u00e9cembre 2022 Pr\u00e9sentation pour les SHS &#8211; 1 et 2 d\u00e9cembre 2021 Pr\u00e9sentation pour les SHS &#8211; 13 et 14 octobre 2020 Pr\u00e9sentation pour les &hellip; <a href=\"https:\/\/thedre.imag.fr\/?page_id=777\" class=\"more-link\">Continue reading<span class=\"screen-reader-text\"> &#8220;CED Grenoble&#8221;<\/span><\/a><\/p>\n","protected":false},"author":1,"featured_media":0,"parent":0,"menu_order":0,"comment_status":"closed","ping_status":"closed","template":"","meta":{"footnotes":""},"class_list":["post-777","page","type-page","status-publish","hentry"],"_links":{"self":[{"href":"https:\/\/thedre.imag.fr\/index.php?rest_route=\/wp\/v2\/pages\/777","targetHints":{"allow":["GET"]}}],"collection":[{"href":"https:\/\/thedre.imag.fr\/index.php?rest_route=\/wp\/v2\/pages"}],"about":[{"href":"https:\/\/thedre.imag.fr\/index.php?rest_route=\/wp\/v2\/types\/page"}],"author":[{"embeddable":true,"href":"https:\/\/thedre.imag.fr\/index.php?rest_route=\/wp\/v2\/users\/1"}],"replies":[{"embeddable":true,"href":"https:\/\/thedre.imag.fr\/index.php?rest_route=%2Fwp%2Fv2%2Fcomments&post=777"}],"version-history":[{"count":12,"href":"https:\/\/thedre.imag.fr\/index.php?rest_route=\/wp\/v2\/pages\/777\/revisions"}],"predecessor-version":[{"id":1345,"href":"https:\/\/thedre.imag.fr\/index.php?rest_route=\/wp\/v2\/pages\/777\/revisions\/1345"}],"wp:attachment":[{"href":"https:\/\/thedre.imag.fr\/index.php?rest_route=%2Fwp%2Fv2%2Fmedia&parent=777"}],"curies":[{"name":"wp","href":"https:\/\/api.w.org\/{rel}","templated":true}]}}