{"id":803,"date":"2020-11-23T10:39:00","date_gmt":"2020-11-23T10:39:00","guid":{"rendered":"http:\/\/thedre.imag.fr\/?page_id=803"},"modified":"2020-11-23T10:39:00","modified_gmt":"2020-11-23T10:39:00","slug":"projects","status":"publish","type":"page","link":"https:\/\/thedre.imag.fr\/?page_id=803","title":{"rendered":"Projects"},"content":{"rendered":"\n<p>The THEDRE method is currently mobilised in several research projects <\/p>\n\n\n\n<p><strong>AMADOC &#8211; Projet ANR en cours de d\u00e9p\u00f4t &#8211; Porteurs O.Bentahar, CEFERIGE Nancy, N.Mandran LIG, Grenoble <\/strong><\/p>\n\n\n\n<p>L&#8217;objectif est de coupler la m\u00e9thode THEDRE aux m\u00e9thodes AGILES pour l&#8217;accompagnement des doctorants. <\/p>\n\n\n\n<p><strong><a href=\"https:\/\/www.lip-unifr.ch\/project\/co-lab-a-digital-lab-for-the-co-design-co-development-and-co-evaluation-of-digital-learning-games\/\">co.LAB<\/a> &#8211; Projet FN Suisse &#8211; Porteur D.Jaccard, <a href=\"https:\/\/www.albasim.ch\/fr\/\">ALBASIM<\/a> Yverdon, E.Sanchez LIP-Fribourg. -2020-2023<\/strong><\/p>\n\n\n\n<p>L&#8221;objectif du projet est de d\u00e9velopper une plateforme pour faciliter la co-conception des  jeux s\u00e9rieux. THEDRE apporte le langage de mod\u00e9lisation pour formaliser le mod\u00e8le support \u00e0 la plateforme et des guides. Une th\u00e8se en science de l\u2019\u00e9ducation est en cours. <br><\/p>\n\n\n\n<p> <strong>APACHES &#8211; Projet I-SITE Lille &#8211; Porteur M.Vermeulen &#8211; IMT-Lille Douai<\/strong> &#8211; 2019-2021<\/p>\n\n\n\n<p>L&#8217;objectif  du projet APACHES  est de disposer d&#8217;outils pour former les \u00e9tudiants \u00e0  l\u2019informatique centre humain et d&#8217;identifier les comp\u00e9tences en lien  avec cet enseignement. La m\u00e9thode THEDRE apporte au projet les guides pour former les doctorants \u00e0  int\u00e9grer l&#8217;humain dans leur recherche. <\/p>\n","protected":false},"excerpt":{"rendered":"<p>The THEDRE method is currently mobilised in several research projects AMADOC &#8211; Projet ANR en cours de d\u00e9p\u00f4t &#8211; Porteurs O.Bentahar, CEFERIGE Nancy, N.Mandran LIG, Grenoble L&#8217;objectif est de coupler la m\u00e9thode THEDRE aux m\u00e9thodes AGILES pour l&#8217;accompagnement des doctorants. co.LAB &#8211; Projet FN Suisse &#8211; Porteur D.Jaccard, ALBASIM Yverdon, E.Sanchez LIP-Fribourg. -2020-2023 L&#8221;objectif du &hellip; <a href=\"https:\/\/thedre.imag.fr\/?page_id=803\" class=\"more-link\">Continue reading<span class=\"screen-reader-text\"> &#8220;Projects&#8221;<\/span><\/a><\/p>\n","protected":false},"author":1,"featured_media":0,"parent":0,"menu_order":0,"comment_status":"closed","ping_status":"closed","template":"","meta":{"footnotes":""},"class_list":["post-803","page","type-page","status-publish","hentry"],"_links":{"self":[{"href":"https:\/\/thedre.imag.fr\/index.php?rest_route=\/wp\/v2\/pages\/803","targetHints":{"allow":["GET"]}}],"collection":[{"href":"https:\/\/thedre.imag.fr\/index.php?rest_route=\/wp\/v2\/pages"}],"about":[{"href":"https:\/\/thedre.imag.fr\/index.php?rest_route=\/wp\/v2\/types\/page"}],"author":[{"embeddable":true,"href":"https:\/\/thedre.imag.fr\/index.php?rest_route=\/wp\/v2\/users\/1"}],"replies":[{"embeddable":true,"href":"https:\/\/thedre.imag.fr\/index.php?rest_route=%2Fwp%2Fv2%2Fcomments&post=803"}],"version-history":[{"count":1,"href":"https:\/\/thedre.imag.fr\/index.php?rest_route=\/wp\/v2\/pages\/803\/revisions"}],"predecessor-version":[{"id":804,"href":"https:\/\/thedre.imag.fr\/index.php?rest_route=\/wp\/v2\/pages\/803\/revisions\/804"}],"wp:attachment":[{"href":"https:\/\/thedre.imag.fr\/index.php?rest_route=%2Fwp%2Fv2%2Fmedia&parent=803"}],"curies":[{"name":"wp","href":"https:\/\/api.w.org\/{rel}","templated":true}]}}