{"id":807,"date":"2020-11-25T08:55:53","date_gmt":"2020-11-25T08:55:53","guid":{"rendered":"http:\/\/thedre.imag.fr\/?page_id=807"},"modified":"2020-12-10T12:50:54","modified_gmt":"2020-12-10T12:50:54","slug":"nadine-mandran-2","status":"publish","type":"page","link":"https:\/\/thedre.imag.fr\/?page_id=807","title":{"rendered":"Nadine Mandran &#8211; Activit\u00e9s"},"content":{"rendered":"\n<div class=\"wp-block-image\"><figure class=\"alignright is-resized\"><img loading=\"lazy\" decoding=\"async\" src=\"http:\/\/thedre.imag.fr\/wp-content\/uploads\/2020\/12\/photo_labo.png\" alt=\"\" class=\"wp-image-935\" width=\"118\" height=\"119\" srcset=\"https:\/\/thedre.imag.fr\/wp-content\/uploads\/2020\/12\/photo_labo.png 486w, https:\/\/thedre.imag.fr\/wp-content\/uploads\/2020\/12\/photo_labo-150x150.png 150w, https:\/\/thedre.imag.fr\/wp-content\/uploads\/2020\/12\/photo_labo-298x300.png 298w\" sizes=\"auto, (max-width: 118px) 85vw, 118px\" \/><\/figure><\/div>\n\n\n\n<p>Ing\u00e9nieur de Recherche CNRS, Phd en Informatique des syst\u00e8mes d&#8217;information &#8211; <a href=\"https:\/\/www.liglab.fr\/\">Laboratoire Informatique  de Grenoble<\/a> (LIG)<\/p>\n\n\n\n<br><p><a href=\"https:\/\/thedre.imag.fr\/?page_id=859\">Parcours, Distinctions et Formations<\/a><br><\/p>\n\n\n\n<b><font size=\"5\">Recherche<\/font><\/b>\n<br>Mon domaine de recherche concerne la <b>m\u00e9thodologie pour la tra\u00e7abilit\u00e9 de la recherche centr\u00e9e humain<\/b> dont l&#8217;objectif est de mod\u00e9liser l&#8217;activit\u00e9 humaine et de construire des outils pour accompagner cette activit\u00e9. L\u2019objectif de mes recherches est de proposer des mod\u00e8les de m\u00e9thodes de conduite de la recherche et des guides pour tracer cette activit\u00e9 de recherche. J&#8217;ai propos\u00e9 en 2017 un mod\u00e8le de conduite de la recherche THEDRE (Taceability Human Experiment Design Research). Actuellement, ce mod\u00e8le se raffine et s&#8217;am\u00e9liore au travers des formations dispens\u00e9es aux doctorants et leurs encadrants et aussi dans divers contrats de recherche. \n<br>THEDRE offre des guides qui ont pour vocation de former les doctorants au m\u00e9tier de la recherche et les rendre autonomes. Le mod\u00e8le de conduite de la recherche a \u00e9t\u00e9 propos\u00e9 dans cet objectif d&#8217;autonomisation des doctorants.<br>\nVous pouvez d\u00e9couvrir THEDRE et ses guides dans les onglets &#8220;Guides&#8221; en fran\u00e7ais ou en anglais du site <br><br>\n\n\n\n<b><font size=\"5\">Enseignement et s\u00e9minaires<\/font><\/b><br>\nLes formations que je dispense ont pour objectif de former les doctorants \u00e0 une m\u00e9thode de conduite de la recherche qu&#8217;ils peuvent adapter \u00e0 leur besoin afin de les rendre autonomes dans leur travail de recherche. L&#8217;objectif est de les former au m\u00e9tier de chercheurs en leur faisant d\u00e9couvrir les diff\u00e9rents volets de ce m\u00e9tier.<br><br>\n-Formation encadrants et doctorants, D\u00e9cembre 2020 : <b>Universit\u00e9 catholique de Lille<\/b> (2 doctorants, 5 encadrants), <b>IUT Lyon II<\/b> ( 1 doctorant, 3 encadrants), <b>Laboratoire Informatique de Grenoble<\/b> (2 doctorants et 2 encadrants), <b>Laboratoire LIP Fribourg<\/b> (2 doctorants).<br>\n-Coll\u00e8ge des \u00e9coles doctorales de <b>Grenoble Universit\u00e9 Alpes<\/b>, Octobre 2020, 2*12 heures, 40 doctorants<br>\nWebinaires, Mai 2020, pour la <b>soci\u00e9t\u00e9 Adoc Metis<\/b>. &#8220;Autonomie des doctorants&#8221;.<br>\n&#8211;<b>Ecole doctorale de Lille<\/b>, F\u00e9vrier 2020, 12 heures, 15 doctorants.<br>\n&#8211;<b>Ecole Doctorale de Grenoble<\/b>, F\u00e9vrier 2020, 12 heures, 10 doctorants.<br>\n&#8211;<b>Laboratoire LIUM<\/b>, le Mans, Novembre 2019, 12 heures, 7 Doctorants.  et 8 encadrants<br>\n&#8211;<b>Ecoles doctorales, MSTII et EDISCE, Grenoble<\/b>, depuis 2010, \u00ab M\u00e9thodologie pour la d\u00e9marche exp\u00e9rimentale \u00bb 20 heures, entre 15 et 25 doctorants \/an. <br><br>\n\n\n\n<b><font size=\"5\">Projets et collaborations<\/font><\/b><br>\n&#8211; Cr\u00e9ation et animation du <a href=\"https:\/\/lig-gt-epistemology.imag.fr\/\">Groupe de travail en \u00e9pist\u00e9mologie et m\u00e9thode de conduite de la recherche<\/a> en Environnements Informatique pour l&#8217;Apprentissage Humain (EIAH). (2019 \u00e0 ce jour) <br>\n&#8211;<b> Projet APACHES<\/b> Apprentissage des conduites de Projets Agiles et Centr\u00e9s Humain dans l\u2019Enseignement Sup\u00e9rieur (2018-2021). <a href=\"https:\/\/apaches.wp.imt.fr\/\">Plus d&#8217;informations. <\/a>Laur\u00e9at de l\u2019appel \u00e0 projet fipe2018, <a href=\"http:\/\/www.isite-ulne.fr\/index.php\/fr\/app_category\/innovation-pedagogique\/\">iSite ULNE<\/a> <br>\n&#8211;<b> Projet LabNbook<\/b>, Le cahier num\u00e9rique partag\u00e9 pour \u00e9crire et apprendre les sciences, Financement 2017-20 : appel d\u2019offre IDEX-formation de la Communaut\u00e9 Universit\u00e9 Grenoble Alpes et 2020-21 : appel \u00e0 projet Investissements d\u2019Avenir \u2013 Hybridation des formations d\u2019enseignement sup\u00e9rieur. <a href=\"https:\/\/labnbook.fr\/\">Plus d&#8217;informations.<\/a><br>\n&#8211;<b> Projet co.LAB<\/b>, A Digital Lab for the co-Design, co-Development and co-Evaluation of Digital Learning Games, 2020-2023, Fond National Suisse. <a href=\"https:\/\/www.lip-unifr.ch\/project\/co-lab-a-digital-lab-for-the-co-design-co-development-and-co-evaluation-of-digital-learning-games\/\">Plus d&#8217;informations.<\/a><br>\n&#8211;<b> Projet Play<\/b>, Playing for Learning in the Museum, 2019-2023. <a href=\"https:\/\/www.lip-unifr.ch\/project\/play-playing-for-learning-an-economic-approach-to-human-behavior\/\">Plus d&#8217;informations.<\/a> <br><br>\n\n\n\n<b><font size=\"5\">Publications<\/font><\/b><br>\n<a href=\"https:\/\/hal.archives-ouvertes.fr\/search\/index\/?q=mandran&amp;sort=producedDate_tdate+desc\">Lien vers HAL <\/a>\n<br><br>\n\n\n\n<p><\/p>\n\n\n\n\n\n<p><br><\/p>\n","protected":false},"excerpt":{"rendered":"<p>Ing\u00e9nieur de Recherche CNRS, Phd en Informatique des syst\u00e8mes d&#8217;information &#8211; Laboratoire Informatique de Grenoble (LIG) Parcours, Distinctions et Formations Recherche Mon domaine de recherche concerne la m\u00e9thodologie pour la tra\u00e7abilit\u00e9 de la recherche centr\u00e9e humain dont l&#8217;objectif est de mod\u00e9liser l&#8217;activit\u00e9 humaine et de construire des outils pour accompagner cette activit\u00e9. L\u2019objectif de mes &hellip; <a href=\"https:\/\/thedre.imag.fr\/?page_id=807\" class=\"more-link\">Continue reading<span class=\"screen-reader-text\"> &#8220;Nadine Mandran &#8211; Activit\u00e9s&#8221;<\/span><\/a><\/p>\n","protected":false},"author":1,"featured_media":0,"parent":0,"menu_order":0,"comment_status":"closed","ping_status":"closed","template":"","meta":{"footnotes":""},"class_list":["post-807","page","type-page","status-publish","hentry"],"_links":{"self":[{"href":"https:\/\/thedre.imag.fr\/index.php?rest_route=\/wp\/v2\/pages\/807","targetHints":{"allow":["GET"]}}],"collection":[{"href":"https:\/\/thedre.imag.fr\/index.php?rest_route=\/wp\/v2\/pages"}],"about":[{"href":"https:\/\/thedre.imag.fr\/index.php?rest_route=\/wp\/v2\/types\/page"}],"author":[{"embeddable":true,"href":"https:\/\/thedre.imag.fr\/index.php?rest_route=\/wp\/v2\/users\/1"}],"replies":[{"embeddable":true,"href":"https:\/\/thedre.imag.fr\/index.php?rest_route=%2Fwp%2Fv2%2Fcomments&post=807"}],"version-history":[{"count":82,"href":"https:\/\/thedre.imag.fr\/index.php?rest_route=\/wp\/v2\/pages\/807\/revisions"}],"predecessor-version":[{"id":1012,"href":"https:\/\/thedre.imag.fr\/index.php?rest_route=\/wp\/v2\/pages\/807\/revisions\/1012"}],"wp:attachment":[{"href":"https:\/\/thedre.imag.fr\/index.php?rest_route=%2Fwp%2Fv2%2Fmedia&parent=807"}],"curies":[{"name":"wp","href":"https:\/\/api.w.org\/{rel}","templated":true}]}}